{"id":1643,"date":"2017-07-07T13:09:34","date_gmt":"2017-07-07T17:09:34","guid":{"rendered":"http:\/\/delomservices.productionspolar.com\/DelomServices2017\/autres-equipements-electromecaniques\/"},"modified":"2019-02-10T11:20:41","modified_gmt":"2019-02-10T16:20:41","slug":"other-electromechanical-equipment","status":"publish","type":"page","link":"https:\/\/delomservices.ca\/en\/other-electromechanical-equipment\/","title":{"rendered":"OTHER ELECTROMECHANICAL EQUIPMENT"},"content":{"rendered":"<div id=\"cs-content\" class=\"cs-content\"><\/div>\n","protected":false},"excerpt":{"rendered":"<p>BABBITTS BEARING FANS AND BLOWERS FANS AND BLOWERS TRACTION AUXILIARIES INDUSTRIAL SUBMERSIBLE PUMPS OTHER ELECTROMECHANICAL EQUIPMENT PUMPS Centrifugal pumps with packing with mechanical seal Water treatment pumps Submersible pumps Vertical turbines Sump pumps Lobe pumps Gear pumps Slurry pumps BABBITT BEARINGSDelom Services delivers end-to-end expertise on Babbitt bearings. MATERIALS Tin-based babbit ASTM\u00a0B23 \u2014 Grade\u00a02 ASTM\u00a0B23\u2014Grade\u00a011 Grade\u00a011R (naval industry) SERVICES Rebabbitting &#8230; <a href=\"https:\/\/delomservices.ca\/en\/other-electromechanical-equipment\/\" class=\"more-link\">Read More<\/a><\/p>\n","protected":false},"author":1,"featured_media":0,"parent":0,"menu_order":0,"comment_status":"closed","ping_status":"closed","template":"","meta":{"footnotes":""},"class_list":["post-1643","page","type-page","status-publish","hentry","no-post-thumbnail"],"yoast_head":"<!-- This site is optimized with the Yoast SEO plugin v26.8 - https:\/\/yoast.com\/product\/yoast-seo-wordpress\/ -->\n<title>OTHER ELECTROMECHANICAL EQUIPMENT - Wajax | Delom<\/title>\n<meta name=\"robots\" content=\"index, follow, max-snippet:-1, max-image-preview:large, max-video-preview:-1\" \/>\n<link rel=\"canonical\" href=\"https:\/\/delomservices.ca\/en\/other-electromechanical-equipment\/\" \/>\n<meta property=\"og:locale\" content=\"en_US\" \/>\n<meta property=\"og:type\" content=\"article\" \/>\n<meta property=\"og:title\" content=\"OTHER ELECTROMECHANICAL EQUIPMENT - Wajax | Delom\" \/>\n<meta property=\"og:description\" content=\"BABBITTS BEARING FANS AND BLOWERS FANS AND BLOWERS TRACTION AUXILIARIES INDUSTRIAL SUBMERSIBLE PUMPS OTHER ELECTROMECHANICAL EQUIPMENT PUMPS Centrifugal pumps with packing with mechanical seal Water treatment pumps Submersible pumps Vertical turbines Sump pumps Lobe pumps Gear pumps Slurry pumps BABBITT BEARINGSDelom Services delivers end-to-end expertise on Babbitt bearings. MATERIALS Tin-based babbit ASTM\u00a0B23 \u2014 Grade\u00a02 ASTM\u00a0B23\u2014Grade\u00a011 Grade\u00a011R (naval industry) SERVICES Rebabbitting ... Read More\" \/>\n<meta property=\"og:url\" content=\"https:\/\/delomservices.ca\/en\/other-electromechanical-equipment\/\" \/>\n<meta property=\"og:site_name\" content=\"Wajax | Delom\" \/>\n<meta property=\"article:publisher\" content=\"https:\/\/www.facebook.com\/pages\/Groupe-Delom-Inc\/223472824488621\" \/>\n<meta property=\"article:modified_time\" content=\"2019-02-10T16:20:41+00:00\" \/>\n<meta name=\"twitter:card\" content=\"summary_large_image\" \/>\n<meta name=\"twitter:label1\" content=\"Est. reading time\" \/>\n\t<meta name=\"twitter:data1\" content=\"6 minutes\" \/>\n<script type=\"application\/ld+json\" class=\"yoast-schema-graph\">{\"@context\":\"https:\/\/schema.org\",\"@graph\":[{\"@type\":\"WebPage\",\"@id\":\"https:\/\/delomservices.ca\/en\/other-electromechanical-equipment\/\",\"url\":\"https:\/\/delomservices.ca\/en\/other-electromechanical-equipment\/\",\"name\":\"OTHER ELECTROMECHANICAL EQUIPMENT - Wajax | Delom\",\"isPartOf\":{\"@id\":\"https:\/\/delomservices.ca\/#website\"},\"datePublished\":\"2017-07-07T17:09:34+00:00\",\"dateModified\":\"2019-02-10T16:20:41+00:00\",\"breadcrumb\":{\"@id\":\"https:\/\/delomservices.ca\/en\/other-electromechanical-equipment\/#breadcrumb\"},\"inLanguage\":\"en-US\",\"potentialAction\":[{\"@type\":\"ReadAction\",\"target\":[\"https:\/\/delomservices.ca\/en\/other-electromechanical-equipment\/\"]}]},{\"@type\":\"BreadcrumbList\",\"@id\":\"https:\/\/delomservices.ca\/en\/other-electromechanical-equipment\/#breadcrumb\",\"itemListElement\":[{\"@type\":\"ListItem\",\"position\":1,\"name\":\"Accueil\",\"item\":\"https:\/\/delomservices.ca\/en\/home\/\"},{\"@type\":\"ListItem\",\"position\":2,\"name\":\"OTHER ELECTROMECHANICAL EQUIPMENT\"}]},{\"@type\":\"WebSite\",\"@id\":\"https:\/\/delomservices.ca\/#website\",\"url\":\"https:\/\/delomservices.ca\/\",\"name\":\"Delom Services\",\"description\":\"Wajax | Delom est un leader nord-am\u00e9ricain, un guichet unique sp\u00e9cialis\u00e9 dans la r\u00e9paration, la r\u00e9fection et la distribution de moteurs \u00e9lectriques et d\u2019\u00e9quipement rotatif.\",\"potentialAction\":[{\"@type\":\"SearchAction\",\"target\":{\"@type\":\"EntryPoint\",\"urlTemplate\":\"https:\/\/delomservices.ca\/?s={search_term_string}\"},\"query-input\":{\"@type\":\"PropertyValueSpecification\",\"valueRequired\":true,\"valueName\":\"search_term_string\"}}],\"inLanguage\":\"en-US\"}]}<\/script>\n<!-- \/ Yoast SEO plugin. -->","yoast_head_json":{"title":"OTHER ELECTROMECHANICAL EQUIPMENT - Wajax | Delom","robots":{"index":"index","follow":"follow","max-snippet":"max-snippet:-1","max-image-preview":"max-image-preview:large","max-video-preview":"max-video-preview:-1"},"canonical":"https:\/\/delomservices.ca\/en\/other-electromechanical-equipment\/","og_locale":"en_US","og_type":"article","og_title":"OTHER ELECTROMECHANICAL EQUIPMENT - Wajax | Delom","og_description":"BABBITTS BEARING FANS AND BLOWERS FANS AND BLOWERS TRACTION AUXILIARIES INDUSTRIAL SUBMERSIBLE PUMPS OTHER ELECTROMECHANICAL EQUIPMENT PUMPS Centrifugal pumps with packing with mechanical seal Water treatment pumps Submersible pumps Vertical turbines Sump pumps Lobe pumps Gear pumps Slurry pumps BABBITT BEARINGSDelom Services delivers end-to-end expertise on Babbitt bearings. MATERIALS Tin-based babbit ASTM\u00a0B23 \u2014 Grade\u00a02 ASTM\u00a0B23\u2014Grade\u00a011 Grade\u00a011R (naval industry) SERVICES Rebabbitting ... Read More","og_url":"https:\/\/delomservices.ca\/en\/other-electromechanical-equipment\/","og_site_name":"Wajax | Delom","article_publisher":"https:\/\/www.facebook.com\/pages\/Groupe-Delom-Inc\/223472824488621","article_modified_time":"2019-02-10T16:20:41+00:00","twitter_card":"summary_large_image","twitter_misc":{"Est. reading time":"6 minutes"},"schema":{"@context":"https:\/\/schema.org","@graph":[{"@type":"WebPage","@id":"https:\/\/delomservices.ca\/en\/other-electromechanical-equipment\/","url":"https:\/\/delomservices.ca\/en\/other-electromechanical-equipment\/","name":"OTHER ELECTROMECHANICAL EQUIPMENT - Wajax | Delom","isPartOf":{"@id":"https:\/\/delomservices.ca\/#website"},"datePublished":"2017-07-07T17:09:34+00:00","dateModified":"2019-02-10T16:20:41+00:00","breadcrumb":{"@id":"https:\/\/delomservices.ca\/en\/other-electromechanical-equipment\/#breadcrumb"},"inLanguage":"en-US","potentialAction":[{"@type":"ReadAction","target":["https:\/\/delomservices.ca\/en\/other-electromechanical-equipment\/"]}]},{"@type":"BreadcrumbList","@id":"https:\/\/delomservices.ca\/en\/other-electromechanical-equipment\/#breadcrumb","itemListElement":[{"@type":"ListItem","position":1,"name":"Accueil","item":"https:\/\/delomservices.ca\/en\/home\/"},{"@type":"ListItem","position":2,"name":"OTHER ELECTROMECHANICAL EQUIPMENT"}]},{"@type":"WebSite","@id":"https:\/\/delomservices.ca\/#website","url":"https:\/\/delomservices.ca\/","name":"Delom Services","description":"Wajax | Delom est un leader nord-am\u00e9ricain, un guichet unique sp\u00e9cialis\u00e9 dans la r\u00e9paration, la r\u00e9fection et la distribution de moteurs \u00e9lectriques et d\u2019\u00e9quipement rotatif.","potentialAction":[{"@type":"SearchAction","target":{"@type":"EntryPoint","urlTemplate":"https:\/\/delomservices.ca\/?s={search_term_string}"},"query-input":{"@type":"PropertyValueSpecification","valueRequired":true,"valueName":"search_term_string"}}],"inLanguage":"en-US"}]}},"_links":{"self":[{"href":"https:\/\/delomservices.ca\/en\/wp-json\/wp\/v2\/pages\/1643","targetHints":{"allow":["GET"]}}],"collection":[{"href":"https:\/\/delomservices.ca\/en\/wp-json\/wp\/v2\/pages"}],"about":[{"href":"https:\/\/delomservices.ca\/en\/wp-json\/wp\/v2\/types\/page"}],"author":[{"embeddable":true,"href":"https:\/\/delomservices.ca\/en\/wp-json\/wp\/v2\/users\/1"}],"replies":[{"embeddable":true,"href":"https:\/\/delomservices.ca\/en\/wp-json\/wp\/v2\/comments?post=1643"}],"version-history":[{"count":3,"href":"https:\/\/delomservices.ca\/en\/wp-json\/wp\/v2\/pages\/1643\/revisions"}],"predecessor-version":[{"id":2377,"href":"https:\/\/delomservices.ca\/en\/wp-json\/wp\/v2\/pages\/1643\/revisions\/2377"}],"wp:attachment":[{"href":"https:\/\/delomservices.ca\/en\/wp-json\/wp\/v2\/media?parent=1643"}],"curies":[{"name":"wp","href":"https:\/\/api.w.org\/{rel}","templated":true}]}}