{"id":1677,"date":"2017-07-06T15:47:48","date_gmt":"2017-07-06T19:47:48","guid":{"rendered":"http:\/\/delomservices.productionspolar.com\/DelomServices2017\/services-de-fiabilite\/"},"modified":"2024-04-26T13:15:31","modified_gmt":"2024-04-26T17:15:31","slug":"reliability-services","status":"publish","type":"page","link":"https:\/\/delomservices.ca\/en\/reliability-services\/","title":{"rendered":"RELIABILITY SERVICES"},"content":{"rendered":"<div id=\"cs-content\" class=\"cs-content\"><\/div>\n","protected":false},"excerpt":{"rendered":"<p>CUSTOMIZED MAINTENANCE PROGRAMS VIBRATION ANALYSIS PREDICTIVE ELECTRICAL MAINTENANCE PREDICTIVE MECHANICAL MAINTENANCE RELIABILITY SERVICES MORE THAN A VIBRATION READING Our dedicated vibration team of engineers and technicians certified through the CMVA \u00a0(Canadian Machinery Vibration Association).\u00a0 They assist on-site maintenance teams occasionally or on a regular basis in various assignments concerning vibrations. Our team\u2019s strength lies in the detailed reports, which describe &#8230; <a href=\"https:\/\/delomservices.ca\/en\/reliability-services\/\" class=\"more-link\">Read More<\/a><\/p>\n","protected":false},"author":1,"featured_media":0,"parent":0,"menu_order":0,"comment_status":"closed","ping_status":"closed","template":"","meta":{"footnotes":""},"class_list":["post-1677","page","type-page","status-publish","hentry","no-post-thumbnail"],"yoast_head":"<!-- This site is optimized with the Yoast SEO plugin v26.8 - https:\/\/yoast.com\/product\/yoast-seo-wordpress\/ -->\n<title>RELIABILITY SERVICES - Wajax | Delom<\/title>\n<meta name=\"robots\" content=\"index, follow, max-snippet:-1, max-image-preview:large, max-video-preview:-1\" \/>\n<link rel=\"canonical\" href=\"https:\/\/delomservices.ca\/en\/reliability-services\/\" \/>\n<meta property=\"og:locale\" content=\"en_US\" \/>\n<meta property=\"og:type\" content=\"article\" \/>\n<meta property=\"og:title\" content=\"RELIABILITY SERVICES - Wajax | Delom\" \/>\n<meta property=\"og:description\" content=\"CUSTOMIZED MAINTENANCE PROGRAMS VIBRATION ANALYSIS PREDICTIVE ELECTRICAL MAINTENANCE PREDICTIVE MECHANICAL MAINTENANCE RELIABILITY SERVICES MORE THAN A VIBRATION READING Our dedicated vibration team of engineers and technicians certified through the CMVA \u00a0(Canadian Machinery Vibration Association).\u00a0 They assist on-site maintenance teams occasionally or on a regular basis in various assignments concerning vibrations. Our team\u2019s strength lies in the detailed reports, which describe ... Read More\" \/>\n<meta property=\"og:url\" content=\"https:\/\/delomservices.ca\/en\/reliability-services\/\" \/>\n<meta property=\"og:site_name\" content=\"Wajax | Delom\" \/>\n<meta property=\"article:publisher\" content=\"https:\/\/www.facebook.com\/pages\/Groupe-Delom-Inc\/223472824488621\" \/>\n<meta property=\"article:modified_time\" content=\"2024-04-26T17:15:31+00:00\" \/>\n<meta name=\"twitter:card\" content=\"summary_large_image\" \/>\n<meta name=\"twitter:label1\" content=\"Est. reading time\" \/>\n\t<meta name=\"twitter:data1\" content=\"15 minutes\" \/>\n<script type=\"application\/ld+json\" class=\"yoast-schema-graph\">{\"@context\":\"https:\/\/schema.org\",\"@graph\":[{\"@type\":\"WebPage\",\"@id\":\"https:\/\/delomservices.ca\/en\/reliability-services\/\",\"url\":\"https:\/\/delomservices.ca\/en\/reliability-services\/\",\"name\":\"RELIABILITY SERVICES - Wajax | Delom\",\"isPartOf\":{\"@id\":\"https:\/\/delomservices.ca\/#website\"},\"datePublished\":\"2017-07-06T19:47:48+00:00\",\"dateModified\":\"2024-04-26T17:15:31+00:00\",\"breadcrumb\":{\"@id\":\"https:\/\/delomservices.ca\/en\/reliability-services\/#breadcrumb\"},\"inLanguage\":\"en-US\",\"potentialAction\":[{\"@type\":\"ReadAction\",\"target\":[\"https:\/\/delomservices.ca\/en\/reliability-services\/\"]}]},{\"@type\":\"BreadcrumbList\",\"@id\":\"https:\/\/delomservices.ca\/en\/reliability-services\/#breadcrumb\",\"itemListElement\":[{\"@type\":\"ListItem\",\"position\":1,\"name\":\"Accueil\",\"item\":\"https:\/\/delomservices.ca\/en\/home\/\"},{\"@type\":\"ListItem\",\"position\":2,\"name\":\"RELIABILITY SERVICES\"}]},{\"@type\":\"WebSite\",\"@id\":\"https:\/\/delomservices.ca\/#website\",\"url\":\"https:\/\/delomservices.ca\/\",\"name\":\"Delom Services\",\"description\":\"Wajax | Delom est un leader nord-am\u00e9ricain, un guichet unique sp\u00e9cialis\u00e9 dans la r\u00e9paration, la r\u00e9fection et la distribution de moteurs \u00e9lectriques et d\u2019\u00e9quipement rotatif.\",\"potentialAction\":[{\"@type\":\"SearchAction\",\"target\":{\"@type\":\"EntryPoint\",\"urlTemplate\":\"https:\/\/delomservices.ca\/?s={search_term_string}\"},\"query-input\":{\"@type\":\"PropertyValueSpecification\",\"valueRequired\":true,\"valueName\":\"search_term_string\"}}],\"inLanguage\":\"en-US\"}]}<\/script>\n<!-- \/ Yoast SEO plugin. -->","yoast_head_json":{"title":"RELIABILITY SERVICES - Wajax | Delom","robots":{"index":"index","follow":"follow","max-snippet":"max-snippet:-1","max-image-preview":"max-image-preview:large","max-video-preview":"max-video-preview:-1"},"canonical":"https:\/\/delomservices.ca\/en\/reliability-services\/","og_locale":"en_US","og_type":"article","og_title":"RELIABILITY SERVICES - Wajax | Delom","og_description":"CUSTOMIZED MAINTENANCE PROGRAMS VIBRATION ANALYSIS PREDICTIVE ELECTRICAL MAINTENANCE PREDICTIVE MECHANICAL MAINTENANCE RELIABILITY SERVICES MORE THAN A VIBRATION READING Our dedicated vibration team of engineers and technicians certified through the CMVA \u00a0(Canadian Machinery Vibration Association).\u00a0 They assist on-site maintenance teams occasionally or on a regular basis in various assignments concerning vibrations. Our team\u2019s strength lies in the detailed reports, which describe ... Read More","og_url":"https:\/\/delomservices.ca\/en\/reliability-services\/","og_site_name":"Wajax | Delom","article_publisher":"https:\/\/www.facebook.com\/pages\/Groupe-Delom-Inc\/223472824488621","article_modified_time":"2024-04-26T17:15:31+00:00","twitter_card":"summary_large_image","twitter_misc":{"Est. reading time":"15 minutes"},"schema":{"@context":"https:\/\/schema.org","@graph":[{"@type":"WebPage","@id":"https:\/\/delomservices.ca\/en\/reliability-services\/","url":"https:\/\/delomservices.ca\/en\/reliability-services\/","name":"RELIABILITY SERVICES - Wajax | Delom","isPartOf":{"@id":"https:\/\/delomservices.ca\/#website"},"datePublished":"2017-07-06T19:47:48+00:00","dateModified":"2024-04-26T17:15:31+00:00","breadcrumb":{"@id":"https:\/\/delomservices.ca\/en\/reliability-services\/#breadcrumb"},"inLanguage":"en-US","potentialAction":[{"@type":"ReadAction","target":["https:\/\/delomservices.ca\/en\/reliability-services\/"]}]},{"@type":"BreadcrumbList","@id":"https:\/\/delomservices.ca\/en\/reliability-services\/#breadcrumb","itemListElement":[{"@type":"ListItem","position":1,"name":"Accueil","item":"https:\/\/delomservices.ca\/en\/home\/"},{"@type":"ListItem","position":2,"name":"RELIABILITY SERVICES"}]},{"@type":"WebSite","@id":"https:\/\/delomservices.ca\/#website","url":"https:\/\/delomservices.ca\/","name":"Delom Services","description":"Wajax | Delom est un leader nord-am\u00e9ricain, un guichet unique sp\u00e9cialis\u00e9 dans la r\u00e9paration, la r\u00e9fection et la distribution de moteurs \u00e9lectriques et d\u2019\u00e9quipement rotatif.","potentialAction":[{"@type":"SearchAction","target":{"@type":"EntryPoint","urlTemplate":"https:\/\/delomservices.ca\/?s={search_term_string}"},"query-input":{"@type":"PropertyValueSpecification","valueRequired":true,"valueName":"search_term_string"}}],"inLanguage":"en-US"}]}},"_links":{"self":[{"href":"https:\/\/delomservices.ca\/en\/wp-json\/wp\/v2\/pages\/1677","targetHints":{"allow":["GET"]}}],"collection":[{"href":"https:\/\/delomservices.ca\/en\/wp-json\/wp\/v2\/pages"}],"about":[{"href":"https:\/\/delomservices.ca\/en\/wp-json\/wp\/v2\/types\/page"}],"author":[{"embeddable":true,"href":"https:\/\/delomservices.ca\/en\/wp-json\/wp\/v2\/users\/1"}],"replies":[{"embeddable":true,"href":"https:\/\/delomservices.ca\/en\/wp-json\/wp\/v2\/comments?post=1677"}],"version-history":[{"count":4,"href":"https:\/\/delomservices.ca\/en\/wp-json\/wp\/v2\/pages\/1677\/revisions"}],"predecessor-version":[{"id":4569,"href":"https:\/\/delomservices.ca\/en\/wp-json\/wp\/v2\/pages\/1677\/revisions\/4569"}],"wp:attachment":[{"href":"https:\/\/delomservices.ca\/en\/wp-json\/wp\/v2\/media?parent=1677"}],"curies":[{"name":"wp","href":"https:\/\/api.w.org\/{rel}","templated":true}]}}