{"id":1804,"date":"2018-01-22T12:32:01","date_gmt":"2018-01-22T17:32:01","guid":{"rendered":"http:\/\/delomservices.productionspolar.com\/DelomServices2017\/pates-et-papiers\/"},"modified":"2024-04-26T13:45:23","modified_gmt":"2024-04-26T17:45:23","slug":"pulp-and-paper-sawmills","status":"publish","type":"page","link":"https:\/\/delomservices.ca\/en\/pulp-and-paper-sawmills\/","title":{"rendered":"PULP AND PAPER\/SAWMILLS"},"content":{"rendered":"<div id=\"cs-content\" class=\"cs-content\"><\/div>\n","protected":false},"excerpt":{"rendered":"<p>INSPECTION OF PAPER MACHINES A PARTNER TO YOUR RELIABILITY REWINDING OF REFINER MOTORS PULP AND PAPER\/SAWMILLS THE Wajax | Delom ADVANTAGEFor more than 50 years, Wajax | Delom has worked closely with pulp and paper mills and sawmills in Quebec, Ontario and the Maritimes. Our expertise is now going beyond these boundaries and is expanding worldwide for critical application electric &#8230; <a href=\"https:\/\/delomservices.ca\/en\/pulp-and-paper-sawmills\/\" class=\"more-link\">Read More<\/a><\/p>\n","protected":false},"author":1,"featured_media":0,"parent":0,"menu_order":0,"comment_status":"closed","ping_status":"closed","template":"template-blank-1.php","meta":{"footnotes":""},"class_list":["post-1804","page","type-page","status-publish","hentry","no-post-thumbnail"],"yoast_head":"<!-- This site is optimized with the Yoast SEO plugin v26.8 - https:\/\/yoast.com\/product\/yoast-seo-wordpress\/ -->\n<title>PULP AND PAPER\/SAWMILLS - Wajax | Delom<\/title>\n<meta name=\"robots\" content=\"index, follow, max-snippet:-1, max-image-preview:large, max-video-preview:-1\" \/>\n<link rel=\"canonical\" href=\"https:\/\/delomservices.ca\/en\/pulp-and-paper-sawmills\/\" \/>\n<meta property=\"og:locale\" content=\"en_US\" \/>\n<meta property=\"og:type\" content=\"article\" \/>\n<meta property=\"og:title\" content=\"PULP AND PAPER\/SAWMILLS - Wajax | Delom\" \/>\n<meta property=\"og:description\" content=\"INSPECTION OF PAPER MACHINES A PARTNER TO YOUR RELIABILITY REWINDING OF REFINER MOTORS PULP AND PAPER\/SAWMILLS THE Wajax | Delom ADVANTAGEFor more than 50 years, Wajax | Delom has worked closely with pulp and paper mills and sawmills in Quebec, Ontario and the Maritimes. Our expertise is now going beyond these boundaries and is expanding worldwide for critical application electric ... Read More\" \/>\n<meta property=\"og:url\" content=\"https:\/\/delomservices.ca\/en\/pulp-and-paper-sawmills\/\" \/>\n<meta property=\"og:site_name\" content=\"Wajax | Delom\" \/>\n<meta property=\"article:publisher\" content=\"https:\/\/www.facebook.com\/pages\/Groupe-Delom-Inc\/223472824488621\" \/>\n<meta property=\"article:modified_time\" content=\"2024-04-26T17:45:23+00:00\" \/>\n<meta property=\"og:image\" content=\"http:\/\/delomservices.ca\/wp-content\/uploads\/2017\/07\/DelomS_autre_equipements_electromecanique6.jpg\" \/>\n<meta name=\"twitter:card\" content=\"summary_large_image\" \/>\n<meta name=\"twitter:label1\" content=\"Est. reading time\" \/>\n\t<meta name=\"twitter:data1\" content=\"5 minutes\" \/>\n<script type=\"application\/ld+json\" class=\"yoast-schema-graph\">{\"@context\":\"https:\/\/schema.org\",\"@graph\":[{\"@type\":\"WebPage\",\"@id\":\"https:\/\/delomservices.ca\/en\/pulp-and-paper-sawmills\/\",\"url\":\"https:\/\/delomservices.ca\/en\/pulp-and-paper-sawmills\/\",\"name\":\"PULP AND PAPER\/SAWMILLS - Wajax | Delom\",\"isPartOf\":{\"@id\":\"https:\/\/delomservices.ca\/#website\"},\"primaryImageOfPage\":{\"@id\":\"https:\/\/delomservices.ca\/en\/pulp-and-paper-sawmills\/#primaryimage\"},\"image\":{\"@id\":\"https:\/\/delomservices.ca\/en\/pulp-and-paper-sawmills\/#primaryimage\"},\"thumbnailUrl\":\"http:\/\/delomservices.ca\/wp-content\/uploads\/2017\/07\/DelomS_autre_equipements_electromecanique6.jpg\",\"datePublished\":\"2018-01-22T17:32:01+00:00\",\"dateModified\":\"2024-04-26T17:45:23+00:00\",\"breadcrumb\":{\"@id\":\"https:\/\/delomservices.ca\/en\/pulp-and-paper-sawmills\/#breadcrumb\"},\"inLanguage\":\"en-US\",\"potentialAction\":[{\"@type\":\"ReadAction\",\"target\":[\"https:\/\/delomservices.ca\/en\/pulp-and-paper-sawmills\/\"]}]},{\"@type\":\"ImageObject\",\"inLanguage\":\"en-US\",\"@id\":\"https:\/\/delomservices.ca\/en\/pulp-and-paper-sawmills\/#primaryimage\",\"url\":\"http:\/\/delomservices.ca\/wp-content\/uploads\/2017\/07\/DelomS_autre_equipements_electromecanique6.jpg\",\"contentUrl\":\"http:\/\/delomservices.ca\/wp-content\/uploads\/2017\/07\/DelomS_autre_equipements_electromecanique6.jpg\"},{\"@type\":\"BreadcrumbList\",\"@id\":\"https:\/\/delomservices.ca\/en\/pulp-and-paper-sawmills\/#breadcrumb\",\"itemListElement\":[{\"@type\":\"ListItem\",\"position\":1,\"name\":\"Accueil\",\"item\":\"https:\/\/delomservices.ca\/en\/home\/\"},{\"@type\":\"ListItem\",\"position\":2,\"name\":\"PULP AND PAPER\/SAWMILLS\"}]},{\"@type\":\"WebSite\",\"@id\":\"https:\/\/delomservices.ca\/#website\",\"url\":\"https:\/\/delomservices.ca\/\",\"name\":\"Delom Services\",\"description\":\"Wajax | Delom est un leader nord-am\u00e9ricain, un guichet unique sp\u00e9cialis\u00e9 dans la r\u00e9paration, la r\u00e9fection et la distribution de moteurs \u00e9lectriques et d\u2019\u00e9quipement rotatif.\",\"potentialAction\":[{\"@type\":\"SearchAction\",\"target\":{\"@type\":\"EntryPoint\",\"urlTemplate\":\"https:\/\/delomservices.ca\/?s={search_term_string}\"},\"query-input\":{\"@type\":\"PropertyValueSpecification\",\"valueRequired\":true,\"valueName\":\"search_term_string\"}}],\"inLanguage\":\"en-US\"}]}<\/script>\n<!-- \/ Yoast SEO plugin. -->","yoast_head_json":{"title":"PULP AND PAPER\/SAWMILLS - Wajax | Delom","robots":{"index":"index","follow":"follow","max-snippet":"max-snippet:-1","max-image-preview":"max-image-preview:large","max-video-preview":"max-video-preview:-1"},"canonical":"https:\/\/delomservices.ca\/en\/pulp-and-paper-sawmills\/","og_locale":"en_US","og_type":"article","og_title":"PULP AND PAPER\/SAWMILLS - Wajax | Delom","og_description":"INSPECTION OF PAPER MACHINES A PARTNER TO YOUR RELIABILITY REWINDING OF REFINER MOTORS PULP AND PAPER\/SAWMILLS THE Wajax | Delom ADVANTAGEFor more than 50 years, Wajax | Delom has worked closely with pulp and paper mills and sawmills in Quebec, Ontario and the Maritimes. Our expertise is now going beyond these boundaries and is expanding worldwide for critical application electric ... Read More","og_url":"https:\/\/delomservices.ca\/en\/pulp-and-paper-sawmills\/","og_site_name":"Wajax | Delom","article_publisher":"https:\/\/www.facebook.com\/pages\/Groupe-Delom-Inc\/223472824488621","article_modified_time":"2024-04-26T17:45:23+00:00","og_image":[{"url":"http:\/\/delomservices.ca\/wp-content\/uploads\/2017\/07\/DelomS_autre_equipements_electromecanique6.jpg","type":"","width":"","height":""}],"twitter_card":"summary_large_image","twitter_misc":{"Est. reading time":"5 minutes"},"schema":{"@context":"https:\/\/schema.org","@graph":[{"@type":"WebPage","@id":"https:\/\/delomservices.ca\/en\/pulp-and-paper-sawmills\/","url":"https:\/\/delomservices.ca\/en\/pulp-and-paper-sawmills\/","name":"PULP AND PAPER\/SAWMILLS - Wajax | Delom","isPartOf":{"@id":"https:\/\/delomservices.ca\/#website"},"primaryImageOfPage":{"@id":"https:\/\/delomservices.ca\/en\/pulp-and-paper-sawmills\/#primaryimage"},"image":{"@id":"https:\/\/delomservices.ca\/en\/pulp-and-paper-sawmills\/#primaryimage"},"thumbnailUrl":"http:\/\/delomservices.ca\/wp-content\/uploads\/2017\/07\/DelomS_autre_equipements_electromecanique6.jpg","datePublished":"2018-01-22T17:32:01+00:00","dateModified":"2024-04-26T17:45:23+00:00","breadcrumb":{"@id":"https:\/\/delomservices.ca\/en\/pulp-and-paper-sawmills\/#breadcrumb"},"inLanguage":"en-US","potentialAction":[{"@type":"ReadAction","target":["https:\/\/delomservices.ca\/en\/pulp-and-paper-sawmills\/"]}]},{"@type":"ImageObject","inLanguage":"en-US","@id":"https:\/\/delomservices.ca\/en\/pulp-and-paper-sawmills\/#primaryimage","url":"http:\/\/delomservices.ca\/wp-content\/uploads\/2017\/07\/DelomS_autre_equipements_electromecanique6.jpg","contentUrl":"http:\/\/delomservices.ca\/wp-content\/uploads\/2017\/07\/DelomS_autre_equipements_electromecanique6.jpg"},{"@type":"BreadcrumbList","@id":"https:\/\/delomservices.ca\/en\/pulp-and-paper-sawmills\/#breadcrumb","itemListElement":[{"@type":"ListItem","position":1,"name":"Accueil","item":"https:\/\/delomservices.ca\/en\/home\/"},{"@type":"ListItem","position":2,"name":"PULP AND PAPER\/SAWMILLS"}]},{"@type":"WebSite","@id":"https:\/\/delomservices.ca\/#website","url":"https:\/\/delomservices.ca\/","name":"Delom Services","description":"Wajax | Delom est un leader nord-am\u00e9ricain, un guichet unique sp\u00e9cialis\u00e9 dans la r\u00e9paration, la r\u00e9fection et la distribution de moteurs \u00e9lectriques et d\u2019\u00e9quipement rotatif.","potentialAction":[{"@type":"SearchAction","target":{"@type":"EntryPoint","urlTemplate":"https:\/\/delomservices.ca\/?s={search_term_string}"},"query-input":{"@type":"PropertyValueSpecification","valueRequired":true,"valueName":"search_term_string"}}],"inLanguage":"en-US"}]}},"_links":{"self":[{"href":"https:\/\/delomservices.ca\/en\/wp-json\/wp\/v2\/pages\/1804","targetHints":{"allow":["GET"]}}],"collection":[{"href":"https:\/\/delomservices.ca\/en\/wp-json\/wp\/v2\/pages"}],"about":[{"href":"https:\/\/delomservices.ca\/en\/wp-json\/wp\/v2\/types\/page"}],"author":[{"embeddable":true,"href":"https:\/\/delomservices.ca\/en\/wp-json\/wp\/v2\/users\/1"}],"replies":[{"embeddable":true,"href":"https:\/\/delomservices.ca\/en\/wp-json\/wp\/v2\/comments?post=1804"}],"version-history":[{"count":4,"href":"https:\/\/delomservices.ca\/en\/wp-json\/wp\/v2\/pages\/1804\/revisions"}],"predecessor-version":[{"id":4614,"href":"https:\/\/delomservices.ca\/en\/wp-json\/wp\/v2\/pages\/1804\/revisions\/4614"}],"wp:attachment":[{"href":"https:\/\/delomservices.ca\/en\/wp-json\/wp\/v2\/media?parent=1804"}],"curies":[{"name":"wp","href":"https:\/\/api.w.org\/{rel}","templated":true}]}}